{"id":888,"date":"2022-02-17T10:37:28","date_gmt":"2022-02-17T09:37:28","guid":{"rendered":"http:\/\/bidegain.eu\/cv-2\/"},"modified":"2022-02-18T11:13:08","modified_gmt":"2022-02-18T10:13:08","slug":"cv-2","status":"publish","type":"page","link":"https:\/\/bidegain.eu\/eu\/cv-2\/","title":{"rendered":"CV"},"content":{"rendered":"\n<section class=\"wp-block-uagb-section uagb-section__wrap uagb-section__background-image uagb-block-180c4274\"><div class=\"uagb-section__overlay\"><\/div><div class=\"uagb-section__inner-wrap\">\n<h2 class=\"has-white-color has-text-color wp-block-heading\" id=\"quieres-trabajar-en-bidegain\">Bidegainen lan egin nahi duzu?<\/h2>\n\n\n\n<section class=\"wp-block-uagb-section uagb-section__wrap uagb-section__background-undefined uagb-block-63929535 quality-first\"><div class=\"uagb-section__overlay\"><\/div><div class=\"uagb-section__inner-wrap\">\n<p class=\"has-white-color has-text-color\">Kontsultatu gure enplegu-eskaintzak<\/p>\n<\/div><\/section>\n<\/div><\/section>\n\n\n\n<section class=\"wp-block-uagb-section uagb-section__wrap uagb-section__background-undefined uagb-block-bc19c2a1\"><div class=\"uagb-section__overlay\"><\/div><div class=\"uagb-section__inner-wrap\">\n<h4 class=\"has-text-align-center wp-block-heading\" id=\"buscas-oportunidades-para-tu-desarrollo-personal\">Zure garapen pertsonalerako aukera berri baten bila zabiltza?<\/h4>\n\n\n\n<p class=\"has-text-align-center\">Kontsultatu gure enplegu-eskaintzak<\/p>\n\n\n\n<section class=\"wp-block-uagb-columns uagb-columns__wrap uagb-columns__background-undefined uagb-columns__stack-mobile uagb-columns__valign-undefined uagb-columns__gap-10 alignundefined uagb-block-e2724607\"><div class=\"uagb-columns__overlay\"><\/div><div class=\"uagb-columns__inner-wrap uagb-columns__columns-2\">\n<div class=\"wp-block-uagb-column uagb-column__wrap uagb-column__background-undefined uagb-block-a5634dae\"><div class=\"uagb-column__overlay\"><\/div><div class=\"uagb-column__inner-wrap\">\n<div class=\"wp-block-uagb-faq uagb-faq__outer-wrap uagb-block-9082a845 uagb-faq-icon-row-reverse uagb-faq-layout-accordion uagb-faq-expand-first-false uagb-faq-inactive-other-true uagb-faq-equal-height\" data-faqtoggle=\"true\" role=\"tablist\"><div class=\"uagb-faq__wrap uagb-buttons-layout-wrap\">\n<div class=\"wp-block-uagb-faq-child uagb-faq-child__outer-wrap uagb-block-60147ced\"><div class=\"uagb-faq-child__wrapper\"><div class=\"uagb-faq-item\" role=\"tab\" tabindex=\"0\"><div class=\"uagb-faq-questions-button uagb-faq-questions\"><span class=\"uagb-icon uagb-faq-icon-wrap\"><svg xmlns=\"http:\/\/www.w3.org\/2000\/svg\" viewbox=\"0 0 256 512\"><path d=\"M168 345.941V44c0-6.627-5.373-12-12-12h-56c-6.627 0-12 5.373-12 12v301.941H41.941c-21.382 0-32.09 25.851-16.971 40.971l86.059 86.059c9.373 9.373 24.569 9.373 33.941 0l86.059-86.059c15.119-15.119 4.411-40.971-16.971-40.971H168z\"><\/path><\/svg><\/span><span class=\"uagb-icon-active uagb-faq-icon-wrap\"><svg xmlns=\"http:\/\/www.w3.org\/2000\/svg\" viewbox=\"0 0 448 512\"><path d=\"M416 208H32c-17.67 0-32 14.33-32 32v32c0 17.67 14.33 32 32 32h384c17.67 0 32-14.33 32-32v-32c0-17.67-14.33-32-32-32z\"><\/path><\/svg><\/span><span class=\"uagb-question\">Oficial 1\u00aa Centro de mecanizado control FANUC<\/span><\/div><div class=\"uagb-faq-content\"><span><p>Oficial 1\u00aa para Centro mecanizado con m\u00ednimo 5 a\u00f1os de experiencia en mecanizado de pieza peque\u00f1a\/mediana con inoxidable, d\u00faplex, inconel\u2026 y control FANUC.<br>Las tareas a desarrolar ser\u00edan: interpretaci\u00f3n de planos, puesta en marcha de maquinaria y herramienta, preparaci\u00f3n pieza, programaci\u00f3n y medici\u00f3n.<\/p><\/span><\/div><\/div><\/div><\/div>\n<\/div><\/div>\n<\/div><\/div>\n\n\n\n<div class=\"wp-block-uagb-column uagb-column__wrap uagb-column__background-undefined uagb-block-d2350d87\"><div class=\"uagb-column__overlay\"><\/div><div class=\"uagb-column__inner-wrap\">\n<div class=\"wp-block-uagb-faq uagb-faq__outer-wrap uagb-block-c88ccb9e uagb-faq-icon-row-reverse uagb-faq-layout-accordion uagb-faq-expand-first-false uagb-faq-inactive-other-true uagb-faq-equal-height\" data-faqtoggle=\"true\" role=\"tablist\"><div class=\"uagb-faq__wrap uagb-buttons-layout-wrap\">\n<div class=\"wp-block-uagb-faq-child uagb-faq-child__outer-wrap uagb-block-a10ba912\"><div class=\"uagb-faq-child__wrapper\"><div class=\"uagb-faq-item\" role=\"tab\" tabindex=\"0\"><div class=\"uagb-faq-questions-button uagb-faq-questions\"><span class=\"uagb-icon uagb-faq-icon-wrap\"><svg xmlns=\"http:\/\/www.w3.org\/2000\/svg\" viewbox=\"0 0 256 512\"><path d=\"M168 345.941V44c0-6.627-5.373-12-12-12h-56c-6.627 0-12 5.373-12 12v301.941H41.941c-21.382 0-32.09 25.851-16.971 40.971l86.059 86.059c9.373 9.373 24.569 9.373 33.941 0l86.059-86.059c15.119-15.119 4.411-40.971-16.971-40.971H168z\"><\/path><\/svg><\/span><span class=\"uagb-icon-active uagb-faq-icon-wrap\"><svg xmlns=\"http:\/\/www.w3.org\/2000\/svg\" viewbox=\"0 0 448 512\"><path d=\"M416 208H32c-17.67 0-32 14.33-32 32v32c0 17.67 14.33 32 32 32h384c17.67 0 32-14.33 32-32v-32c0-17.67-14.33-32-32-32z\"><\/path><\/svg><\/span><span class=\"uagb-question\">Oficial 1\u00aa TORNO CNC control FANUC<\/span><\/div><div class=\"uagb-faq-content\"><span><p>Oficial 1\u00aa para Torno CNC con m\u00ednimo 5 a\u00f1os de experiencia en mecanizado de pieza peque\u00f1a\/mediana con inoxidable, d\u00faplex, inconel\u2026 y control FANUC.<br>Las tareas a desarrolar ser\u00edan: interpretaci\u00f3n de planos, puesta en marcha de maquinaria y herramienta, preparaci\u00f3n pieza, programaci\u00f3n y medici\u00f3n.<\/p><\/span><\/div><\/div><\/div><\/div>\n<\/div><\/div>\n<\/div><\/div>\n<\/div><\/section>\n<\/div><\/section>\n\n\n\n<section class=\"wp-block-uagb-section uagb-section__wrap uagb-section__background-undefined uagb-block-150791f6\"><div class=\"uagb-section__overlay\"><\/div><div class=\"uagb-section__inner-wrap\">\n<h4 class=\"has-text-align-center wp-block-heading\" id=\"envianos-tu-perfil-profesional\">Bidal iezaguzu zure profil profesionala<\/h4>\n\n\n\n<p class=\"has-text-align-center\">Zure CVa gure datu-baseari erantsiko diogu, etorkizunean bete beharreko postuetarako.<\/p>\n\n\n\t\t\t\t<div class = \"wp-block-uagb-cf7-styler uagb-cf7-styler__outer-wrap uagb-block-ca0b5467   \">\n\t\t\t\t\t<div class = \"uagb-cf7-styler__align-left uagb-cf7-styler__field-style-box uagb-cf7-styler__btn-align-left uagb-cf7-styler__highlight-style-default uagb-cf7-styler__check-style-enabled\">\n\t\t\t\t\t\n<div class=\"wpcf7 no-js\" id=\"wpcf7-f321-o1\" lang=\"es-ES\" dir=\"ltr\" data-wpcf7-id=\"321\">\n<div class=\"screen-reader-response\"><p role=\"status\" aria-live=\"polite\" aria-atomic=\"true\"><\/p> <ul><\/ul><\/div>\n<form action=\"\/eu\/wp-json\/wp\/v2\/pages\/888#wpcf7-f321-o1\" method=\"post\" class=\"wpcf7-form init\" aria-label=\"Contact form\" enctype=\"multipart\/form-data\" novalidate=\"novalidate\" data-status=\"init\">\n<fieldset class=\"hidden-fields-container\"><input type=\"hidden\" name=\"_wpcf7\" value=\"321\" \/><input type=\"hidden\" name=\"_wpcf7_version\" value=\"6.1.5\" \/><input type=\"hidden\" name=\"_wpcf7_locale\" value=\"es_ES\" \/><input type=\"hidden\" name=\"_wpcf7_unit_tag\" value=\"wpcf7-f321-o1\" \/><input type=\"hidden\" name=\"_wpcf7_container_post\" value=\"0\" \/><input type=\"hidden\" name=\"_wpcf7_posted_data_hash\" value=\"\" \/>\n<\/fieldset>\n<p><span class=\"wpcf7-form-control-wrap\" data-name=\"your-name\"><input size=\"40\" maxlength=\"400\" class=\"wpcf7-form-control wpcf7-text wpcf7-validates-as-required\" aria-required=\"true\" aria-invalid=\"false\" placeholder=\"Nombre y Apellidos\" value=\"\" type=\"text\" name=\"your-name\" \/><\/span>\n<\/p>\n<p><span class=\"wpcf7-form-control-wrap\" data-name=\"your-email\"><input size=\"40\" maxlength=\"400\" class=\"wpcf7-form-control wpcf7-email wpcf7-validates-as-required wpcf7-text wpcf7-validates-as-email\" aria-required=\"true\" aria-invalid=\"false\" placeholder=\"E-mail\" value=\"\" type=\"email\" name=\"your-email\" \/><\/span>\n<\/p>\n<p><span class=\"wpcf7-form-control-wrap\" data-name=\"your-phone\"><input size=\"40\" maxlength=\"400\" class=\"wpcf7-form-control wpcf7-text\" aria-invalid=\"false\" placeholder=\"Tel\u00e9fono\" value=\"\" type=\"text\" name=\"your-phone\" \/><\/span>\n<\/p>\n<p style='font-weight:800;margin-bottom: 5px; margin-top: 15px;'>Nivel de estudios\n<\/p>\n<p><span class=\"wpcf7-form-control-wrap\" data-name=\"estudios\"><select class=\"wpcf7-form-control wpcf7-select wpcf7-validates-as-required\" aria-required=\"true\" aria-invalid=\"false\" name=\"estudios\"><option value=\"Formaci\u00f3n profesional\">Formaci\u00f3n profesional<\/option><option value=\"Grado, licenciatura o master\">Grado, licenciatura o master<\/option><option value=\"Otros\">Otros<\/option><\/select><\/span>\n<\/p>\n<p style='font-weight:800;margin-bottom: 5px; margin-top: 15px;'>En qu\u00e9 \u00e1rea te gustar\u00eda trabajar\n<\/p>\n<p><span class=\"wpcf7-form-control-wrap\" data-name=\"trabajo\"><span class=\"wpcf7-form-control wpcf7-checkbox wpcf7-validates-as-required\"><span class=\"wpcf7-list-item first\"><label><input type=\"checkbox\" name=\"trabajo[]\" value=\"Programador CAD\/CAM\" \/><span class=\"wpcf7-list-item-label\">Programador CAD\/CAM<\/span><\/label><\/span><span class=\"wpcf7-list-item\"><label><input type=\"checkbox\" name=\"trabajo[]\" value=\"Tornero Convencional\" \/><span class=\"wpcf7-list-item-label\">Tornero Convencional<\/span><\/label><\/span><span class=\"wpcf7-list-item\"><label><input type=\"checkbox\" name=\"trabajo[]\" value=\"Tornero CNC\" \/><span class=\"wpcf7-list-item-label\">Tornero CNC<\/span><\/label><\/span><span class=\"wpcf7-list-item\"><label><input type=\"checkbox\" name=\"trabajo[]\" value=\"Fresador Centro de Mecanizado CNC\" \/><span class=\"wpcf7-list-item-label\">Fresador Centro de Mecanizado CNC<\/span><\/label><\/span><span class=\"wpcf7-list-item\"><label><input type=\"checkbox\" name=\"trabajo[]\" value=\"Administraci\u00f3n\/Finanzas\" \/><span class=\"wpcf7-list-item-label\">Administraci\u00f3n\/Finanzas<\/span><\/label><\/span><span class=\"wpcf7-list-item\"><label><input type=\"checkbox\" name=\"trabajo[]\" value=\"Comercial\" \/><span class=\"wpcf7-list-item-label\">Comercial<\/span><\/label><\/span><span class=\"wpcf7-list-item\"><label><input type=\"checkbox\" name=\"trabajo[]\" value=\"Compras\" \/><span class=\"wpcf7-list-item-label\">Compras<\/span><\/label><\/span><span class=\"wpcf7-list-item\"><label><input type=\"checkbox\" name=\"trabajo[]\" value=\"Oficina t\u00e9cnica\" \/><span class=\"wpcf7-list-item-label\">Oficina t\u00e9cnica<\/span><\/label><\/span><span class=\"wpcf7-list-item\"><label><input type=\"checkbox\" name=\"trabajo[]\" value=\"Calidad\" \/><span class=\"wpcf7-list-item-label\">Calidad<\/span><\/label><\/span><span class=\"wpcf7-list-item last\"><label><input type=\"checkbox\" name=\"trabajo[]\" value=\"Otros\" \/><span class=\"wpcf7-list-item-label\">Otros<\/span><\/label><\/span><\/span><\/span>\n<\/p>\n<p style='font-weight:800;margin-bottom: 5px; margin-top: 15px;'>Idiomas\n<\/p>\n<p><span class=\"wpcf7-form-control-wrap\" data-name=\"idiomas\"><span class=\"wpcf7-form-control wpcf7-checkbox wpcf7-validates-as-required\"><span class=\"wpcf7-list-item first\"><label><input type=\"checkbox\" name=\"idiomas[]\" value=\"Castellano\" \/><span class=\"wpcf7-list-item-label\">Castellano<\/span><\/label><\/span><span class=\"wpcf7-list-item\"><label><input type=\"checkbox\" name=\"idiomas[]\" value=\"Euskara\" \/><span class=\"wpcf7-list-item-label\">Euskara<\/span><\/label><\/span><span class=\"wpcf7-list-item\"><label><input type=\"checkbox\" name=\"idiomas[]\" value=\"Ingl\u00e9s\" \/><span class=\"wpcf7-list-item-label\">Ingl\u00e9s<\/span><\/label><\/span><span class=\"wpcf7-list-item\"><label><input type=\"checkbox\" name=\"idiomas[]\" value=\"Franc\u00e9s\" \/><span class=\"wpcf7-list-item-label\">Franc\u00e9s<\/span><\/label><\/span><span class=\"wpcf7-list-item last\"><label><input type=\"checkbox\" name=\"idiomas[]\" value=\"Alem\u00e1n\" \/><span class=\"wpcf7-list-item-label\">Alem\u00e1n<\/span><\/label><\/span><\/span><\/span>\n<\/p>\n<p style='font-weight:800;margin-bottom: 5px; margin-top: 15px;'>Adjunta tu CV (Max 15Mb)\n<\/p>\n<p><span class=\"wpcf7-form-control-wrap\" data-name=\"cv\"><input size=\"40\" class=\"wpcf7-form-control wpcf7-file\" accept=\".pdf,.jpg\" aria-invalid=\"false\" type=\"file\" name=\"cv\" \/><\/span>\n<\/p>\n<p><span class=\"wpcf7-form-control-wrap\" data-name=\"your-message\"><textarea cols=\"40\" rows=\"10\" maxlength=\"2000\" class=\"wpcf7-form-control wpcf7-textarea\" aria-invalid=\"false\" placeholder=\"Otros comentarios\" name=\"your-message\"><\/textarea><\/span>\n<\/p>\n<p><input class=\"wpcf7-form-control wpcf7-submit has-spinner\" type=\"submit\" value=\"Enviar\" \/>\n<\/p><div class=\"wpcf7-response-output\" aria-hidden=\"true\"><\/div>\n<\/form>\n<\/div>\n\t\t\t\t\t<\/div>\n\t\t\t\t<\/div>\n\t\t\t\t<\/div><\/section>\n","protected":false},"excerpt":{"rendered":"","protected":false},"author":1,"featured_media":0,"parent":0,"menu_order":0,"comment_status":"closed","ping_status":"closed","template":"normalpage.php","meta":{"slim_seo":{"title":"CV - Bidegain","description":""},"footnotes":""},"class_list":["post-888","page","type-page","status-publish","hentry"],"uagb_featured_image_src":{"full":false,"thumbnail":false,"medium":false,"medium_large":false,"large":false,"1536x1536":false,"2048x2048":false},"uagb_author_info":{"display_name":"Bidegain","author_link":"https:\/\/bidegain.eu\/eu\/author\/axliweb\/"},"uagb_comment_info":0,"uagb_excerpt":null,"_links":{"self":[{"href":"https:\/\/bidegain.eu\/eu\/wp-json\/wp\/v2\/pages\/888","targetHints":{"allow":["GET"]}}],"collection":[{"href":"https:\/\/bidegain.eu\/eu\/wp-json\/wp\/v2\/pages"}],"about":[{"href":"https:\/\/bidegain.eu\/eu\/wp-json\/wp\/v2\/types\/page"}],"author":[{"embeddable":true,"href":"https:\/\/bidegain.eu\/eu\/wp-json\/wp\/v2\/users\/1"}],"replies":[{"embeddable":true,"href":"https:\/\/bidegain.eu\/eu\/wp-json\/wp\/v2\/comments?post=888"}],"version-history":[{"count":3,"href":"https:\/\/bidegain.eu\/eu\/wp-json\/wp\/v2\/pages\/888\/revisions"}],"predecessor-version":[{"id":985,"href":"https:\/\/bidegain.eu\/eu\/wp-json\/wp\/v2\/pages\/888\/revisions\/985"}],"wp:attachment":[{"href":"https:\/\/bidegain.eu\/eu\/wp-json\/wp\/v2\/media?parent=888"}],"curies":[{"name":"wp","href":"https:\/\/api.w.org\/{rel}","templated":true}]}}